{"id":44,"date":"2015-11-13T21:59:36","date_gmt":"2015-11-13T20:59:36","guid":{"rendered":"http:\/\/pansion-ilko.com\/it\/?page_id=44"},"modified":"2015-11-26T21:11:54","modified_gmt":"2015-11-26T20:11:54","slug":"su-medjugorje","status":"publish","type":"page","link":"https:\/\/pansion-ilko.com\/it\/su-medjugorje\/","title":{"rendered":"Medjugorje \u2013 un luogo di purificazione nella Erzegovina"},"content":{"rendered":"<div class=\"vc_row wpb_row vc_row-fluid vc_custom_1448386777834\"><div class=\"wpb_column vc_column_container vc_col-sm-12\"><div class=\"wpb_wrapper\"><h1 class=\"boc_heading no_text_transform center  \"  style=\"margin-bottom: 20px;margin-top: 0px;color: #ffffff;font-size: 24px;\"><span>Medjugorje \u2013 un luogo di purificazione nella Erzegovina<\/span><\/h1><div class=\"boc_divider_holder\"><div class=\"boc_divider  \"  style=\"margin-top: 20px;margin-bottom: 20px;width: 60%;margin-left: auto; margin-right: auto;height: 1px;background: #ffffff;\"><\/div><\/div><\/div><\/div><\/div><div class=\"upb_grad\" data-grad=\"background: -webkit-gradient(linear, left top, left bottom, color-stop(0%, #E3E3E3), color-stop(0%, #73B84D), color-stop(100%, #196B10));background: -moz-linear-gradient(145deg,#E3E3E3 0%,#73B84D 0%,#196B10 100%);background: -webkit-linear-gradient(145deg,#E3E3E3 0%,#73B84D 0%,#196B10 100%);background: -o-linear-gradient(145deg,#E3E3E3 0%,#73B84D 0%,#196B10 100%);background: -ms-linear-gradient(145deg,#E3E3E3 0%,#73B84D 0%,#196B10 100%);background: linear-gradient(145deg,#E3E3E3 0%,#73B84D 0%,#196B10 100%);\" data-bg-override=\"full\" data-upb-overlay-color=\"\" data-upb-bg-animation=\"\" data-fadeout=\"off\" data-fadeout-percentage=\"30\" data-parallax-content=\"off\" data-parallax-content-sense=\"30\" data-row-effect-mobile-disable=\"true\" data-img-parallax-mobile-disable=\"true\" data-rtl=\"false\"  data-custom-vc-row=\"\"  data-vc=\"4.8.0.1\"  data-is_old_vc=\"\"  data-theme-support=\"\"   data-overlay=\"false\" data-overlay-color=\"\" data-overlay-pattern=\"\" data-overlay-pattern-opacity=\"\" data-overlay-pattern-size=\"\"    ><\/div><div class=\"vc_row wpb_row vc_row-fluid\"><div class=\"wpb_column vc_column_container vc_col-sm-12\"><div class=\"wpb_wrapper\">\n\t<div class=\"wpb_text_column wpb_content_element \">\n\t\t<div class=\"wpb_wrapper\">\n\t\t\t<p>Un posto speciale, che grazie a delle apparizioni speciali, si distingue dalla normalit\u00e0. Il paesino con 4300 abitanti, soprattutto croati, fece notizia quando il 24 giugno del 1981 un evento eccezionale cambi\u00f2 la vita in questo piccolo paesino. Un gruppo di giovani rapport\u00f2 un apparizione soprannaturale presso il monte Crnica (Podbrdo). Riconobber\u00f2 la madre di dio in questa apparizione laquale si \u00e8 rivolta direttamente a loro e chiese la pace per l\u2019umanit\u00e0. Anche dopo quel giorno le apparizioni continuarono ad avere luogo.<br \/>\nCon messaggi sempre nuovi, la Vergine Maria, dalle persone del posto chiamata \u201cGospa\u201d e \u201cRegina della pace\u201d, ammonisce i credenti al ritorno, il digiuno, la preghiera, la confessione e la penitenza. Il circolo d\u2019informazione \u201cInformativni Centar Medjugorje\u201d informa su questi messaggi in diverse lingue.<\/p>\n<h2>Un esperienza collettiva a Medjugorje che rende felice<\/h2>\n<p>Da allora pi\u00f9 di un milione di ospiti, la distribuzione di pi\u00f9 di un milione di ostie, innumerevole celebrazioni eucaristiche e un grandissimo numero di comitive provvenienti da tutto il mondo attestano la sempre forte attrazione del luogo. In alcuni mesi estivi pi\u00f9 di centomila di credenti ricevano la santa communione. Chiaramente il paesino e la sua infrastruttura hanno dovuto cambiare. Il contingente di posti letto non era pi\u00f9 sufficiente e nuovi alloggiamenti sono stati necessari. Ciononestante succede che il paese arriva al limite di alloggiamento.<\/p>\n<p>Impressionante il fatto che sono proprio giovani di tutto il mondo a venire a Medjugorje per rinforzare la loro credenza, come per esempio per il \u201cfestival della giovent\u00f9\u201d annuale. La maratona \u201ccorriamo alla Gospa\u201d con il percorso Grude \u2013 Ljubuski \u2013 Medjugorje ha partecipanti di tutte le nazionalit\u00e0.<\/p>\n<p>Nella chiesa locale \u201cSan Giacomo\u201d, il centro spirituale di Medjugorje, si effettuano degli eventi eucaristici, programmi di pellegrinaggio e messe in tante lingue diverse. Innumerevoli momenti emozionanti! Giornalmente accadono degli avvenimenti sconvolgenti e toccanti \u2013 sul monte dell\u2019apparizione e anche sul monte di Ges\u00f9 crocifisso.<\/p>\n<h3>Medjugorje aiuta!<\/h3>\n<p>A Medjugorje abbiamo stabilito diverse organizzazioni sociali. I centri \u201cVillaggio Cenacolo\u201d e \u201cCampo del Vita\u201d aiutano giovani drogati a liberarsi della loro dipendenza. Il \u201cMajcino selo\u201d si occupa di bambini, orfani e giovani. Pellegrini e ospiti con problemi sanitari acuti ottengono aiuto da parte dei \u201cMalteser Deutschland\u201d \u2013 assistenza medica formata da personale medico tedesco e anche del posto. Medjugorje si ritiene responsabile non solo del benessere psichico ma anche di quello fisico.<\/p>\n<blockquote><p>\nMedjugorje la cambia in fondo \u2013 difficle a descrivere, si deve vivere!\n<\/p><\/blockquote>\n\n\t\t<\/div>\n\t<\/div>\n<\/div><\/div><\/div>\n","protected":false},"excerpt":{"rendered":"Medjugorje \u2013 un luogo di purificazione nella Erzegovina Un posto speciale, che grazie a delle apparizioni speciali, si distingue dalla normalit\u00e0. Il paesino con 4300 abitanti, soprattutto croati, fece notizia quando il 24 giugno del 1981 un evento eccezionale cambi\u00f2 la vita in questo piccolo paesino. Un gruppo di giovani rapport\u00f2 un apparizione soprannaturale presso il monte Crnica (Podbrdo). Riconobber\u00f2<div class=\"h10\"><\/div><a class=\"more-link2 flat\" href=\"https:\/\/pansion-ilko.com\/it\/su-medjugorje\/\">Read more<\/a>","protected":false},"author":1,"featured_media":0,"parent":0,"menu_order":0,"comment_status":"closed","ping_status":"closed","template":"","meta":{"footnotes":""},"class_list":["post-44","page","type-page","status-publish","hentry"],"_links":{"self":[{"href":"https:\/\/pansion-ilko.com\/it\/wp-json\/wp\/v2\/pages\/44","targetHints":{"allow":["GET"]}}],"collection":[{"href":"https:\/\/pansion-ilko.com\/it\/wp-json\/wp\/v2\/pages"}],"about":[{"href":"https:\/\/pansion-ilko.com\/it\/wp-json\/wp\/v2\/types\/page"}],"author":[{"embeddable":true,"href":"https:\/\/pansion-ilko.com\/it\/wp-json\/wp\/v2\/users\/1"}],"replies":[{"embeddable":true,"href":"https:\/\/pansion-ilko.com\/it\/wp-json\/wp\/v2\/comments?post=44"}],"version-history":[{"count":12,"href":"https:\/\/pansion-ilko.com\/it\/wp-json\/wp\/v2\/pages\/44\/revisions"}],"predecessor-version":[{"id":24643,"href":"https:\/\/pansion-ilko.com\/it\/wp-json\/wp\/v2\/pages\/44\/revisions\/24643"}],"wp:attachment":[{"href":"https:\/\/pansion-ilko.com\/it\/wp-json\/wp\/v2\/media?parent=44"}],"curies":[{"name":"wp","href":"https:\/\/api.w.org\/{rel}","templated":true}]}}