{"id":24002,"date":"2015-11-14T00:50:38","date_gmt":"2015-11-13T23:50:38","guid":{"rendered":"http:\/\/pansion-ilko.com\/hr\/?page_id=24002"},"modified":"2015-12-18T22:32:22","modified_gmt":"2015-12-18T21:32:22","slug":"ponude-medjugorje","status":"publish","type":"page","link":"https:\/\/pansion-ilko.com\/hr\/ponude-medjugorje\/","title":{"rendered":"Ponude"},"content":{"rendered":"<div class=\"vc_row wpb_row vc_row-fluid vc_custom_1448386200919\"><div class=\"wpb_column vc_column_container vc_col-sm-12\"><div class=\"wpb_wrapper\"><h1 class=\"boc_heading no_text_transform center  \"  style=\"margin-bottom: 20px;margin-top: 0px;color: #ffffff;font-size: 24px;\"><span>Atraktivne ponude za grupna ili individualna hodo\u010da\u0161\u0107a<\/span><\/h1><div class=\"boc_divider_holder\"><div class=\"boc_divider  \"  style=\"margin-top: 20px;margin-bottom: 20px;width: 60%;margin-left: auto; margin-right: auto;height: 1px;background: #ffffff;\"><\/div><\/div><\/div><\/div><\/div><div class=\"upb_grad\" data-grad=\"background: -webkit-gradient(linear, left top, left bottom, color-stop(0%, #E3E3E3), color-stop(0%, #73B84D), color-stop(100%, #196B10));background: -moz-linear-gradient(145deg,#E3E3E3 0%,#73B84D 0%,#196B10 100%);background: -webkit-linear-gradient(145deg,#E3E3E3 0%,#73B84D 0%,#196B10 100%);background: -o-linear-gradient(145deg,#E3E3E3 0%,#73B84D 0%,#196B10 100%);background: -ms-linear-gradient(145deg,#E3E3E3 0%,#73B84D 0%,#196B10 100%);background: linear-gradient(145deg,#E3E3E3 0%,#73B84D 0%,#196B10 100%);\" data-bg-override=\"full\" data-upb-overlay-color=\"\" data-upb-bg-animation=\"\" data-fadeout=\"\" data-fadeout-percentage=\"30\" data-parallax-content=\"off\" data-parallax-content-sense=\"30\" data-row-effect-mobile-disable=\"true\" data-img-parallax-mobile-disable=\"true\" data-rtl=\"false\"  data-custom-vc-row=\"\"  data-vc=\"4.8.0.1\"  data-is_old_vc=\"\"  data-theme-support=\"\"   data-overlay=\"false\" data-overlay-color=\"\" data-overlay-pattern=\"\" data-overlay-pattern-opacity=\"\" data-overlay-pattern-size=\"\"    ><\/div><div class=\"vc_row wpb_row vc_row-fluid\"><div class=\"wpb_column vc_column_container vc_col-sm-12\"><div class=\"wpb_wrapper\"><h2 class=\"boc_heading  al_left  \"  style=\"margin-bottom: 20px;margin-top: 0px;color: #333333;font-size: 24px;\"><span>Upoznajte <strong>\u201epansion ILKO\u201c <\/strong>u <strong>Me\u0111ugorju<\/strong> i do\u0111ite nam ponovno!<\/span><\/h2><div class=\"boc_spacing \" style=\"height: 20px\"><\/div>\n\t<div class=\"wpb_text_column wpb_content_element \">\n\t\t<div class=\"wpb_wrapper\">\n\t\t\t<p>Mnogi se stalni gosti vra\u0107aju na\u0161em pansionu. Razlog tomu je na\u0161e iskustvo i \u010dinjenica da ne postoje pote\u0161ko\u0107e u komunikaciji. Mi govorimo va\u0161im jezikom i na temelju svoga iskustva s mnogim grupama hodo\u010dasnika iz cijelog svijeta u stanju smo se prilagoditi specifi\u010dnim potrebama i navikama na\u0161ih gostiju.<\/p>\n<p>Osim preno\u0107i\u0161ta nudimo vam i boravak uz doru\u010dak, polupansion ili puni pansion. U svim na\u0161im prostranim sobama, u kojima mo\u017ee boraviti do \u010detiri osobe, postoji i kupaonica s tu\u0161em te balkon ili terasa. Za djecu do tri godine stavljamo vam na raspolaganje dje\u010dji kreveti\u0107. Iz nekoliko soba mo\u017eete u\u017eivati u pogledu na brdo Kri\u017eevac. Sobe su prilago\u0111ene i osobama s invaliditetom. U rezervaciji je uklju\u010deno i parkirali\u0161no mjesto. Podrazumijeva se da se u cijeloj ku\u0107i mo\u017eete besplatno koristiti be\u017ei\u010dnim internetom.<\/p>\n<p>Svjesni smo toga da vam kao hodo\u010dasnicima nije cilj provesti luksuzni godi\u0161nji odmor, nego Me\u0111ugorje \u017eelite zapamtiti po mirnom i ugodnom boravku uz odmor od naporne svakodnevnice. U tom smislu prilagodili smo na\u0161e cijene va\u0161im potrebama. Bilo da nas posjetite kao grupa ili pojedina\u010dno, uvijek \u0107emo prona\u0107i najbolju mogu\u0107u cijenu za vas. Ve\u0107im grupama hodo\u010dasnika nudimo i poseban popust.<\/p>\n<strong class=\"hilite\">Po\u0161aljite nam svoj upit u vezi s posebnim cijenama za grupe, specijalnim ponudama ili paketima ponude.<\/strong>\n\n\t\t<\/div>\n\t<\/div>\n<\/div><\/div><\/div><div data-vc-full-width=\"true\" data-vc-full-width-init=\"false\" class=\"vc_row wpb_row vc_row-fluid vc_custom_1447709109764\"><div class=\"wpb_column vc_column_container vc_col-sm-12 vc_custom_1447708841152\"><div class=\"wpb_wrapper\"><h3 class=\"boc_heading no_text_transform center  \"  style=\"margin-bottom: 20px;margin-top: 0px;color: #ffffff;\"><span>\u0160to mo\u017eete o\u010dekivati<\/span><\/h3><div class=\"boc_divider_holder\"><div class=\"boc_divider  \"  style=\"margin-top: 24px;margin-bottom: 40px;width: 200px;margin-left: auto; margin-right: auto;height: 2px;background: rgba(255,255,255,0.2);\"><\/div><\/div><div class=\"vc_row wpb_row vc_inner vc_row-fluid\"><div class=\"wpb_column vc_column_container vc_col-sm-4\"><div class=\"wpb_wrapper\"><div class=\"circ_numbers_holder  center white_text\">\n\t\t\t\t\t<div class=\"circ_counter\" data-color=\"#a0cc3b\" data-angle=\"\" data-size=\"140\" data-white_text=\"1\">\n\t\t\t\t\t\t<canvas width=140 height=140  data-end-nu=\"100\"><\/canvas>\n\t\t\t\t\t\t<div class=\"circ_counter_text_holder\"><span class=\"circ_counter_text\"  id=\"circ_counter_text6833\"><\/span><span class=\"counter_percent_sign heading_font\">%<\/span><\/div>\n\t\t\t\t\t\t<div class=\"circ_counter_desc\">usluga<\/div>\n\t\t\t\t\t<\/div>\n\t\t\t\t<\/div><\/div><\/div><div class=\"wpb_column vc_column_container vc_col-sm-4\"><div class=\"wpb_wrapper\"><div class=\"circ_numbers_holder  center white_text\">\n\t\t\t\t\t<div class=\"circ_counter\" data-color=\"#06a4e2\" data-angle=\"\" data-size=\"140\" data-white_text=\"1\">\n\t\t\t\t\t\t<canvas width=140 height=140  data-end-nu=\"100\"><\/canvas>\n\t\t\t\t\t\t<div class=\"circ_counter_text_holder\"><span class=\"circ_counter_text\"  id=\"circ_counter_text8004\"><\/span><span class=\"counter_percent_sign heading_font\">%<\/span><\/div>\n\t\t\t\t\t\t<div class=\"circ_counter_desc\">svje\u017ea jela<\/div>\n\t\t\t\t\t<\/div>\n\t\t\t\t<\/div><\/div><\/div><div class=\"wpb_column vc_column_container vc_col-sm-4\"><div class=\"wpb_wrapper\"><div class=\"circ_numbers_holder  center white_text\">\n\t\t\t\t\t<div class=\"circ_counter\" data-color=\"#01a2aa\" data-angle=\"\" data-size=\"140\" data-white_text=\"1\">\n\t\t\t\t\t\t<canvas width=140 height=140  data-end-nu=\"100\"><\/canvas>\n\t\t\t\t\t\t<div class=\"circ_counter_text_holder\"><span class=\"circ_counter_text\"  id=\"circ_counter_text9501\"><\/span><span class=\"counter_percent_sign heading_font\">%<\/span><\/div>\n\t\t\t\t\t\t<div class=\"circ_counter_desc\">prijateljstvo<\/div>\n\t\t\t\t\t<\/div>\n\t\t\t\t<\/div><\/div><\/div><\/div><\/div><\/div><\/div><div class=\"vc_row-full-width\"><\/div><div class=\"upb_bg_img\" data-ultimate-bg=\"url(https:\/\/pansion-ilko.com\/wp-content\/uploads\/2015\/11\/Slider-Pansion-ILKO-Medjugorje-2.jpg)\" data-image-id=\"24025\" data-ultimate-bg-style=\"vcpb-vz-jquery\" data-bg-img-repeat=\"repeat\" data-bg-img-size=\"cover\" data-bg-img-position=\"\" data-parallx_sense=\"30\" data-bg-override=\"0\" data-bg_img_attach=\"scroll\" data-upb-overlay-color=\"rgba(12,13,13,0.8)\" data-upb-bg-animation=\"\" data-fadeout=\"off\" data-bg-animation=\"left-animation\" data-bg-animation-type=\"h\" data-animation-repeat=\"repeat\" data-fadeout-percentage=\"30\" data-parallax-content=\"off\" data-parallax-content-sense=\"30\" data-row-effect-mobile-disable=\"true\" data-img-parallax-mobile-disable=\"true\" data-rtl=\"false\"  data-custom-vc-row=\"\"  data-vc=\"4.8.0.1\"  data-is_old_vc=\"\"  data-theme-support=\"\"   data-overlay=\"true\" data-overlay-color=\"rgba(12,13,13,0.8)\" data-overlay-pattern=\"\" data-overlay-pattern-opacity=\"0.8\" data-overlay-pattern-size=\"\" data-overlay-pattern-attachment=\"fixed\"    ><\/div>\n","protected":false},"excerpt":{"rendered":"Atraktivne ponude za grupna ili individualna hodo\u010da\u0161\u0107aUpoznajte \u201epansion ILKO\u201c u Me\u0111ugorju i do\u0111ite nam ponovno! Mnogi se stalni gosti vra\u0107aju na\u0161em pansionu. Razlog tomu je na\u0161e iskustvo i \u010dinjenica da ne postoje pote\u0161ko\u0107e u komunikaciji. Mi govorimo va\u0161im jezikom i na temelju svoga iskustva s mnogim grupama hodo\u010dasnika iz cijelog svijeta u stanju smo se prilagoditi specifi\u010dnim potrebama i navikama<div class=\"h10\"><\/div><a class=\"more-link2 flat\" href=\"https:\/\/pansion-ilko.com\/hr\/ponude-medjugorje\/\">Read more<\/a>","protected":false},"author":1,"featured_media":0,"parent":0,"menu_order":0,"comment_status":"closed","ping_status":"closed","template":"","meta":{"footnotes":""},"class_list":["post-24002","page","type-page","status-publish","hentry"],"_links":{"self":[{"href":"https:\/\/pansion-ilko.com\/hr\/wp-json\/wp\/v2\/pages\/24002","targetHints":{"allow":["GET"]}}],"collection":[{"href":"https:\/\/pansion-ilko.com\/hr\/wp-json\/wp\/v2\/pages"}],"about":[{"href":"https:\/\/pansion-ilko.com\/hr\/wp-json\/wp\/v2\/types\/page"}],"author":[{"embeddable":true,"href":"https:\/\/pansion-ilko.com\/hr\/wp-json\/wp\/v2\/users\/1"}],"replies":[{"embeddable":true,"href":"https:\/\/pansion-ilko.com\/hr\/wp-json\/wp\/v2\/comments?post=24002"}],"version-history":[{"count":8,"href":"https:\/\/pansion-ilko.com\/hr\/wp-json\/wp\/v2\/pages\/24002\/revisions"}],"predecessor-version":[{"id":24740,"href":"https:\/\/pansion-ilko.com\/hr\/wp-json\/wp\/v2\/pages\/24002\/revisions\/24740"}],"wp:attachment":[{"href":"https:\/\/pansion-ilko.com\/hr\/wp-json\/wp\/v2\/media?parent=24002"}],"curies":[{"name":"wp","href":"https:\/\/api.w.org\/{rel}","templated":true}]}}