{"id":23995,"date":"2015-11-14T00:48:53","date_gmt":"2015-11-13T23:48:53","guid":{"rendered":"http:\/\/pansion-ilko.com\/hr\/?page_id=23995"},"modified":"2015-12-18T22:34:23","modified_gmt":"2015-12-18T21:34:23","slug":"kako-do-nas","status":"publish","type":"page","link":"https:\/\/pansion-ilko.com\/hr\/kako-do-nas\/","title":{"rendered":"Kako do nas"},"content":{"rendered":"<div class=\"vc_row wpb_row vc_row-fluid vc_custom_1448374530000\"><div class=\"wpb_column vc_column_container vc_col-sm-12\"><div class=\"wpb_wrapper\"><h1 class=\"boc_heading no_text_transform center  \"  style=\"margin-bottom: 20px;margin-top: 0px;color: #ffffff;font-size: 24px;\"><span>Kako do\u0107i do nas<\/span><\/h1><div class=\"boc_divider_holder\"><div class=\"boc_divider  \"  style=\"margin-top: 20px;margin-bottom: 20px;width: 60%;margin-left: auto; margin-right: auto;height: 1px;background: #ffffff;\"><\/div><\/div><\/div><\/div><\/div><div class=\"upb_grad\" data-grad=\"background: -webkit-gradient(linear, left top, left bottom, color-stop(0%, #E3E3E3), color-stop(0%, #73B84D), color-stop(100%, #196B10));background: -moz-linear-gradient(145deg,#E3E3E3 0%,#73B84D 0%,#196B10 100%);background: -webkit-linear-gradient(145deg,#E3E3E3 0%,#73B84D 0%,#196B10 100%);background: -o-linear-gradient(145deg,#E3E3E3 0%,#73B84D 0%,#196B10 100%);background: -ms-linear-gradient(145deg,#E3E3E3 0%,#73B84D 0%,#196B10 100%);background: linear-gradient(145deg,#E3E3E3 0%,#73B84D 0%,#196B10 100%);\" data-bg-override=\"full\" data-upb-overlay-color=\"\" data-upb-bg-animation=\"\" data-fadeout=\"\" data-fadeout-percentage=\"30\" data-parallax-content=\"off\" data-parallax-content-sense=\"30\" data-row-effect-mobile-disable=\"true\" data-img-parallax-mobile-disable=\"true\" data-rtl=\"false\"  data-custom-vc-row=\"\"  data-vc=\"4.8.0.1\"  data-is_old_vc=\"\"  data-theme-support=\"\"   data-overlay=\"false\" data-overlay-color=\"\" data-overlay-pattern=\"\" data-overlay-pattern-opacity=\"\" data-overlay-pattern-size=\"\"    ><\/div><div class=\"vc_row wpb_row vc_row-fluid\"><div class=\"wpb_column vc_column_container vc_col-sm-12\"><div class=\"wpb_wrapper\"><div class=\"boc_spacing \" style=\"height: 20px\"><\/div><h2 class=\"boc_heading  al_left  \"  style=\"margin-bottom: 20px;margin-top: 0px;color: #333;\"><span>Dragi interesenti, hodo\u010dasnici i gosti!<\/span><\/h2><div class=\"boc_spacing \" style=\"height: 20px\"><\/div><div class=\"side_icon_box xlarge  \"><span class=\"icon_feat \" style=\"\"><i class=\"icon icon-bus\" style=\"color: #73b84d;\"><\/i><\/span><h3>autobus<\/h3><div class=\"side_icon_box_content\">Najve\u0107i dio gostiju pansiona &#8220;ILKO&#8221; u Me\u0111ugorje dolazi autobusom. Preporu\u010dujemo vam da nas kao voditelj putovanja ili hodo\u010da\u0161\u0107a kontaktirate \u0161to prije kako bismo se mogli uskladiti oko termina va\u0161eg dolaska. Vrlo rado \u0107emo vam pomo\u0107i u planiranju va\u0161eg boravka i rasporeda rezervacija soba. Za vas je va\u017eno znati da odmah ispred pansiona postoji veliko i sigurno parkirali\u0161te za va\u0161 autobus. Pansion &#8220;ILKO&#8221; nalazi se na mirnom mjestu, nedaleko od crkve sv. Jakova i u neposrednoj blizini raznih prodavaonica.<\/div><\/div><div class=\"boc_spacing \" style=\"height: 20px\"><\/div><div class=\"side_icon_box xlarge  \"><span class=\"icon_feat \" style=\"\"><i class=\"icon icon-plane2\" style=\"color: #73b84d;\"><\/i><\/span><h3>avion - shuttle servis<\/h3><div class=\"side_icon_box_content\">Za na\u0161e goste koji dolaze avionom organiziramo poseban prijevoz iz zra\u010dnih luka u Splitu, Dubrovniku, Zadru, Sarajevu ili Mostaru.<\/div><\/div><div class=\"boc_spacing \" style=\"height: 20px\"><\/div><div class=\"side_icon_box xlarge  \"><span class=\"icon_feat \" style=\"\"><i class=\"icon icon-directions\" style=\"color: #73b84d;\"><\/i><\/span><h3>prijevoz u Me\u0111ugorje<\/h3><div class=\"side_icon_box_content\">Na\u0161i partneri vam stoje na raspolaganju i za sve ostale potrebe prijevoza (npr. do brda Kri\u017eevca) i izlete tijekom va\u0161eg boravka u Me\u0111ugorju. Na\u0161e osoblje je vi\u0161ejezi\u010dno i rado \u0107e vam pomo\u0107i u rje\u0161avanju va\u0161ih upita.<\/div><\/div><div class=\"boc_spacing \" style=\"height: 20px\"><\/div><div class=\"side_icon_box xlarge  \"><span class=\"icon_feat \" style=\"\"><i class=\"icon icon-sun22\" style=\"color: #73b84d;\"><\/i><\/span><h3>more<\/h3><div class=\"side_icon_box_content\">Veliki dio na\u0161ih posjetitelja svoje hodo\u010da\u0161\u0107e u Me\u0111ugorje povezuje i s posjetom starim gradskim jezgrama u Splitu i Dubrovniku ili \u010dak vi\u0161ednevnim turisti\u010dkim boravkom na prekrasnoj hrvatskoj obali. Naravno da \u0107emo vam vrlo rado pomo\u0107i i s planiranjem takvih aran\u017emana.<\/div><\/div><div class=\"boc_spacing \" style=\"height: 20px\"><\/div><div class=\"side_icon_box xlarge  \"><span class=\"icon_feat \" style=\"\"><i class=\"icon icon-map-marker2\" style=\"color: #73b84d;\"><\/i><\/span><h3>Karta Me\u0111ugorja<\/h3><div class=\"side_icon_box_content\">Ovdje mo\u017eete vidjeti gdje se na\u0161 pasnion u Me\u0111ugorju nalazi. Odli\u010dna lokalizacija. Blizu centra. Mirno!<\/div><\/div>\n\t<div class=\"wpb_single_image wpb_content_element vc_align_center\">\n\t\t\n\t\t<figure class=\"wpb_wrapper vc_figure\">\n\t\t\t<div class=\"vc_single_image-wrapper   vc_box_border_grey\"><img loading=\"lazy\" decoding=\"async\" width=\"650\" height=\"427\" src=\"https:\/\/pansion-ilko.com\/wp-content\/uploads\/2015\/11\/way-to-pansion-ilko-medjugoje.jpg\" class=\"vc_single_image-img attachment-full\" alt=\"\" srcset=\"https:\/\/pansion-ilko.com\/wp-content\/uploads\/2015\/11\/way-to-pansion-ilko-medjugoje.jpg 650w, https:\/\/pansion-ilko.com\/wp-content\/uploads\/2015\/11\/way-to-pansion-ilko-medjugoje-300x197.jpg 300w\" sizes=\"auto, (max-width: 650px) 100vw, 650px\" \/><\/div>\n\t\t<\/figure>\n\t<\/div>\n<\/div><\/div><\/div><div data-vc-full-width=\"true\" data-vc-full-width-init=\"false\" class=\"vc_row wpb_row vc_row-fluid white_text vc_custom_1447710606738\"><div class=\"wpb_column vc_column_container vc_col-sm-12 vc_custom_1447709249508\"><div class=\"wpb_wrapper\"><div class=\"text_box  box_no_bgr \"><div class=\"text_box_content with_button\"><h2>Ispunite na\u0161 kontaktni obrazac ili nas nazovite...<\/h2>\n\t\t\t\t\t<p><\/p>\n\t\t\t\t<\/div><div class=\"btn_holder\"><a\thref=\"https:\/\/pansion-ilko.com\/hr\/kontakt-medjugorje-hr\/\" \n\t\t\t\t\tclass=\"button  btn_medium btn_white btn_circled btn_outline icon_pos_after \"  target='_self'><span>Kontakt<\/span> <i class='icon icon icon-angle-right2'><\/i> <\/a><\/div><\/div><\/div><\/div><\/div><div class=\"vc_row-full-width\"><\/div>\n","protected":false},"excerpt":{"rendered":"Kako do\u0107i do nasDragi interesenti, hodo\u010dasnici i gosti!autobusNajve\u0107i dio gostiju pansiona \"ILKO\" u Me\u0111ugorje dolazi autobusom. Preporu\u010dujemo vam da nas kao voditelj putovanja ili hodo\u010da\u0161\u0107a kontaktirate \u0161to prije kako bismo se mogli uskladiti oko termina va\u0161eg dolaska. Vrlo rado \u0107emo vam pomo\u0107i u planiranju va\u0161eg boravka i rasporeda rezervacija soba. Za vas je va\u017eno znati da odmah ispred pansiona postoji<div class=\"h10\"><\/div><a class=\"more-link2 flat\" href=\"https:\/\/pansion-ilko.com\/hr\/kako-do-nas\/\">Read more<\/a>","protected":false},"author":1,"featured_media":0,"parent":0,"menu_order":0,"comment_status":"closed","ping_status":"closed","template":"","meta":{"footnotes":""},"class_list":["post-23995","page","type-page","status-publish","hentry"],"_links":{"self":[{"href":"https:\/\/pansion-ilko.com\/hr\/wp-json\/wp\/v2\/pages\/23995","targetHints":{"allow":["GET"]}}],"collection":[{"href":"https:\/\/pansion-ilko.com\/hr\/wp-json\/wp\/v2\/pages"}],"about":[{"href":"https:\/\/pansion-ilko.com\/hr\/wp-json\/wp\/v2\/types\/page"}],"author":[{"embeddable":true,"href":"https:\/\/pansion-ilko.com\/hr\/wp-json\/wp\/v2\/users\/1"}],"replies":[{"embeddable":true,"href":"https:\/\/pansion-ilko.com\/hr\/wp-json\/wp\/v2\/comments?post=23995"}],"version-history":[{"count":8,"href":"https:\/\/pansion-ilko.com\/hr\/wp-json\/wp\/v2\/pages\/23995\/revisions"}],"predecessor-version":[{"id":24741,"href":"https:\/\/pansion-ilko.com\/hr\/wp-json\/wp\/v2\/pages\/23995\/revisions\/24741"}],"wp:attachment":[{"href":"https:\/\/pansion-ilko.com\/hr\/wp-json\/wp\/v2\/media?parent=23995"}],"curies":[{"name":"wp","href":"https:\/\/api.w.org\/{rel}","templated":true}]}}