{"id":23993,"date":"2015-11-14T00:48:11","date_gmt":"2015-11-13T23:48:11","guid":{"rendered":"http:\/\/pansion-ilko.com\/hr\/?page_id=23993"},"modified":"2015-12-10T14:32:33","modified_gmt":"2015-12-10T13:32:33","slug":"slike","status":"publish","type":"page","link":"https:\/\/pansion-ilko.com\/hr\/slike\/","title":{"rendered":"Slike"},"content":{"rendered":"<div class=\"vc_row wpb_row vc_row-fluid vc_custom_1448489511022\"><div class=\"wpb_column vc_column_container vc_col-sm-12\"><div class=\"wpb_wrapper\"><h1 class=\"boc_heading no_text_transform center  \"  style=\"margin-bottom: 20px;margin-top: 0px;color: #ffffff;font-size: 24px;\"><span>Dobro do\u0161li u Sveti\u0161te kraljice mira u Me\u0111ugorju \u2013 i u pansion ILKO!<\/span><\/h1><div class=\"boc_divider_holder\"><div class=\"boc_divider  \"  style=\"margin-top: 20px;margin-bottom: 20px;width: 60%;margin-left: auto; margin-right: auto;height: 1px;background: #ffffff;\"><\/div><\/div><\/div><\/div><\/div><div class=\"upb_grad\" data-grad=\"background: -webkit-gradient(linear, left top, left bottom, color-stop(0%, #E3E3E3), color-stop(0%, #73B84D), color-stop(100%, #196B10));background: -moz-linear-gradient(145deg,#E3E3E3 0%,#73B84D 0%,#196B10 100%);background: -webkit-linear-gradient(145deg,#E3E3E3 0%,#73B84D 0%,#196B10 100%);background: -o-linear-gradient(145deg,#E3E3E3 0%,#73B84D 0%,#196B10 100%);background: -ms-linear-gradient(145deg,#E3E3E3 0%,#73B84D 0%,#196B10 100%);background: linear-gradient(145deg,#E3E3E3 0%,#73B84D 0%,#196B10 100%);\" data-bg-override=\"full\" data-upb-overlay-color=\"\" data-upb-bg-animation=\"\" data-fadeout=\"off\" data-fadeout-percentage=\"30\" data-parallax-content=\"off\" data-parallax-content-sense=\"30\" data-row-effect-mobile-disable=\"true\" data-img-parallax-mobile-disable=\"true\" data-rtl=\"false\"  data-custom-vc-row=\"\"  data-vc=\"4.8.0.1\"  data-is_old_vc=\"\"  data-theme-support=\"\"   data-overlay=\"false\" data-overlay-color=\"\" data-overlay-pattern=\"\" data-overlay-pattern-opacity=\"\" data-overlay-pattern-size=\"\"    ><\/div><div data-vc-full-width=\"true\" data-vc-full-width-init=\"false\" class=\"vc_row wpb_row vc_row-fluid\"><div class=\"wpb_column vc_column_container vc_col-sm-6\"><div class=\"wpb_wrapper\">\n\t<div class=\"wpb_text_column wpb_content_element \">\n\t\t<div class=\"wpb_wrapper\">\n\t\t\t<h2>Slikovnim putovanjem \u017eelimo vas upoznati s prekrasnim marijanskim sveti\u0161tem ve\u0107 i prije va\u0161eg dolaska u Me\u0111ugorje.<\/h2>\n<p>U tom smislu odabrali smo prikaze najljep\u0161ih mjesta Me\u0111ugorja i okolice te fotografije na\u0161eg pansiona. Vidjet \u0107ete da su crkva sv. Jakova, brdo Kri\u017eevac i brdo Ukazanja najposje\u0107enija i neizostavna hodo\u010dasni\u010dka mjesta u Me\u0111ugorju. Tu se okuplja i susre\u0107e na tisu\u0107e ljudi na svetim misama i molitvama. Gospin kip tako\u0111er privla\u010di mnoge turiste i posjetitelje Me\u0111ugorja.<\/p>\n\n\t\t<\/div>\n\t<\/div>\n<\/div><\/div><div class=\"wpb_column vc_column_container vc_col-sm-6\"><div class=\"wpb_wrapper\">\n\t\t\t\t<a href=\"https:\/\/pansion-ilko.com\/hr\/slike-iz-medjugorja\/\"  title=\"\" class=\"pic_info_link_type5\">\n\t\t\t\t  <div class=\"boc_image_box portfolio_animator_class  \">\n\t\t\t\t\t<div class=\"pic_info type5\">\n\t\t\t\t\t\t<div class=\"pic  img_hover_effect2\"><div class=\"plus_overlay\"><\/div><div class=\"plus_overlay_icon\"><\/div>\n\t\t\t\t\t\t<img loading=\"lazy\" decoding=\"async\" width=\"600\" height=\"380\" src=\"https:\/\/pansion-ilko.com\/wp-content\/uploads\/2015\/11\/Medjugorje-11-600x380.jpg\" class=\"attachment-boc_medium size-boc_medium\" alt=\"\" \/>\n\t\t\t\t\t\t<div class=\"img_overlay_icon\"><span class=\"portfolio_icon icon_link\"><\/span><\/div><\/div>\n\t\t\t\t\t\t<div class=\"info_overlay\">\n\t\t\t\t\t\t\t<div class=\"info_overlay_padding\">\n\t\t\t\t\t\t\t\t<div class=\"info_desc\">\n\t\t\t\t\t\t\t\t\t<span class=\"portfolio_icon icon_link\"><\/span>\t\t\t\t\n\t\t\t\t\t\t\t\t\t<h3>Slike iz Me\u0111ugorja<\/h3>\n\t\t\t\t\t\t\t\t\t<p>...kliknite ovdje<\/p>\n\t\t\t\t\t\t\t\t<\/div>\n\t\t\t\t\t\t\t<\/div>\n\t\t\t\t\t\t<\/div>\n\t\t\t\t\t<\/div>\n\t\t\t\t  <\/div>\n\t\t\t\t<\/a>\n\t\t\t<\/div><\/div><\/div><div class=\"vc_row-full-width\"><\/div><div class=\"vc_row wpb_row vc_row-fluid\"><div class=\"wpb_column vc_column_container vc_col-sm-12\"><div class=\"wpb_wrapper\"><div class=\"boc_divider_holder\"><div class=\"boc_divider  \"  style=\"margin-top: 20px;margin-bottom: 20px;height: 1px;background: #b5b5b5;\"><i class=\"icon icon-camera4\"  style=\"font-size: 24px; line-height: 24px;color: #73b84d;left: 50%; transform: translateY(-50%) translateX(-50%);background-color: #ffffff;padding: 10px;\"><\/i><\/div><\/div><\/div><\/div><\/div><div class=\"vc_row wpb_row vc_row-fluid\"><div class=\"wpb_column vc_column_container vc_col-sm-6\"><div class=\"wpb_wrapper\">\n\t<div class=\"wpb_text_column wpb_content_element \">\n\t\t<div class=\"wpb_wrapper\">\n\t\t\t<h2>Fotografijama na\u0161eg pansiona \u017eelimo vam do\u010darati utisak boravka u na\u0161im prostorijama.<\/h2>\n<p>Prostrane sobe opremljene su suvremeno, prevladavaju jasne crte, tople boje i prirodni materijali. Vrlo ugodan stil namje\u0161taja nastavlja se i u predvorju, restoranu i kupaonicama. Stavljamo poseban naglasak na mirnu atmosferu, u kojoj se na\u0161i gosti mogu odmoriti, baviti svojim mislima i osje\u0107ajima te osjetiti jedan dio vlastitog doma.<\/p>\n\n\t\t<\/div>\n\t<\/div>\n<\/div><\/div><div class=\"wpb_column vc_column_container vc_col-sm-6\"><div class=\"wpb_wrapper\">\n\t\t\t\t<a href=\"https:\/\/pansion-ilko.com\/hr\/slike-pansion-ilko-medjugorje\/\"  title=\"\" class=\"pic_info_link_type5\">\n\t\t\t\t  <div class=\"boc_image_box portfolio_animator_class  \">\n\t\t\t\t\t<div class=\"pic_info type5\">\n\t\t\t\t\t\t<div class=\"pic  img_hover_effect2\"><div class=\"plus_overlay\"><\/div><div class=\"plus_overlay_icon\"><\/div>\n\t\t\t\t\t\t<img loading=\"lazy\" decoding=\"async\" width=\"600\" height=\"380\" src=\"https:\/\/pansion-ilko.com\/wp-content\/uploads\/2015\/11\/Pansion-ILKO-Medjugorje-Rooms-11-600x380.jpg\" class=\"attachment-boc_medium size-boc_medium\" alt=\"\" \/>\n\t\t\t\t\t\t<div class=\"img_overlay_icon\"><span class=\"portfolio_icon icon_link\"><\/span><\/div><\/div>\n\t\t\t\t\t\t<div class=\"info_overlay\">\n\t\t\t\t\t\t\t<div class=\"info_overlay_padding\">\n\t\t\t\t\t\t\t\t<div class=\"info_desc\">\n\t\t\t\t\t\t\t\t\t<span class=\"portfolio_icon icon_link\"><\/span>\t\t\t\t\n\t\t\t\t\t\t\t\t\t<h3>Slike pansion<\/h3>\n\t\t\t\t\t\t\t\t\t<p>...kliknite ovdje<\/p>\n\t\t\t\t\t\t\t\t<\/div>\n\t\t\t\t\t\t\t<\/div>\n\t\t\t\t\t\t<\/div>\n\t\t\t\t\t<\/div>\n\t\t\t\t  <\/div>\n\t\t\t\t<\/a>\n\t\t\t<\/div><\/div><\/div><div class=\"vc_row wpb_row vc_row-fluid\"><div class=\"wpb_column vc_column_container vc_col-sm-12\"><div class=\"wpb_wrapper\">\n\t<div class=\"wpb_text_column wpb_content_element  vc_custom_1449754103189\">\n\t\t<div class=\"wpb_wrapper\">\n\t\t\t<blockquote><p>\nPoznato je da slike govore vi\u0161e od stotinu rije\u010di. No jo\u0161 intenzivnije \u0107ete do\u017eivjeti magiju malog mjesta s velikim brojem posjetitelja ako i osobno do\u0111ete u Me\u0111ugorje.<br \/>\n<strong>Radujemo se va\u0161em posjetu!<\/strong>\n<\/p><\/blockquote>\n\n\t\t<\/div>\n\t<\/div>\n<\/div><\/div><\/div><div data-vc-full-width=\"true\" data-vc-full-width-init=\"false\" class=\"vc_row wpb_row vc_row-fluid white_text vc_custom_1447682177061\"><div class=\"wpb_column vc_column_container vc_col-sm-12 vc_custom_1447680815759\"><div class=\"wpb_wrapper\"><div class=\"boc_spacing \" style=\"height: 20px\"><\/div><div class=\"text_box no_text_transform body_font box_no_bgr \"><div class=\"text_box_content with_button\"><h2>Slobodno nam se obratite svojim upitom. Ovdje mo\u017eete prona\u0107i obrazac za kontaktiranje!<\/h2>\n\t\t\t\t\t<p><\/p>\n\t\t\t\t<\/div><div class=\"btn_holder\"><a\thref=\"https:\/\/pansion-ilko.com\/email-medjugorje-ger\/\" \n\t\t\t\t\tclass=\"button  btn_medium_stretched btn_white btn_circled btn_outline icon_pos_after \"  target='_self'><span>Kontakt<\/span> <i class='icon icon icon-angle-right2'><\/i> <\/a><\/div><\/div><\/div><\/div><\/div><div class=\"vc_row-full-width\"><\/div>\n","protected":false},"excerpt":{"rendered":"Dobro do\u0161li u Sveti\u0161te kraljice mira u Me\u0111ugorju \u2013 i u pansion ILKO! Slikovnim putovanjem \u017eelimo vas upoznati s prekrasnim marijanskim sveti\u0161tem ve\u0107 i prije va\u0161eg dolaska u Me\u0111ugorje. U tom smislu odabrali smo prikaze najljep\u0161ih mjesta Me\u0111ugorja i okolice te fotografije na\u0161eg pansiona. Vidjet \u0107ete da su crkva sv. Jakova, brdo Kri\u017eevac i brdo Ukazanja najposje\u0107enija i neizostavna hodo\u010dasni\u010dka<div class=\"h10\"><\/div><a class=\"more-link2 flat\" href=\"https:\/\/pansion-ilko.com\/hr\/slike\/\">Read more<\/a>","protected":false},"author":1,"featured_media":0,"parent":0,"menu_order":0,"comment_status":"closed","ping_status":"closed","template":"","meta":{"footnotes":""},"class_list":["post-23993","page","type-page","status-publish","hentry"],"_links":{"self":[{"href":"https:\/\/pansion-ilko.com\/hr\/wp-json\/wp\/v2\/pages\/23993","targetHints":{"allow":["GET"]}}],"collection":[{"href":"https:\/\/pansion-ilko.com\/hr\/wp-json\/wp\/v2\/pages"}],"about":[{"href":"https:\/\/pansion-ilko.com\/hr\/wp-json\/wp\/v2\/types\/page"}],"author":[{"embeddable":true,"href":"https:\/\/pansion-ilko.com\/hr\/wp-json\/wp\/v2\/users\/1"}],"replies":[{"embeddable":true,"href":"https:\/\/pansion-ilko.com\/hr\/wp-json\/wp\/v2\/comments?post=23993"}],"version-history":[{"count":7,"href":"https:\/\/pansion-ilko.com\/hr\/wp-json\/wp\/v2\/pages\/23993\/revisions"}],"predecessor-version":[{"id":24732,"href":"https:\/\/pansion-ilko.com\/hr\/wp-json\/wp\/v2\/pages\/23993\/revisions\/24732"}],"wp:attachment":[{"href":"https:\/\/pansion-ilko.com\/hr\/wp-json\/wp\/v2\/media?parent=23993"}],"curies":[{"name":"wp","href":"https:\/\/api.w.org\/{rel}","templated":true}]}}