{"id":23984,"date":"2015-11-14T00:41:12","date_gmt":"2015-11-13T23:41:12","guid":{"rendered":"http:\/\/pansion-ilko.com\/hr\/?page_id=23984"},"modified":"2021-11-23T08:00:37","modified_gmt":"2021-11-23T07:00:37","slug":"pocetna","status":"publish","type":"page","link":"https:\/\/pansion-ilko.com\/hr\/","title":{"rendered":"Pocetna"},"content":{"rendered":"<div class=\"vc_row wpb_row vc_row-fluid\"><div class=\"wpb_column vc_column_container vc_col-sm-12\"><div class=\"wpb_wrapper\"><div class=\"wpb_revslider_element wpb_content_element\">\n<div id=\"rev_slider_1_1_wrapper\" class=\"rev_slider_wrapper fullscreen-container\" data-source=\"gallery\" style=\"background:transparent;padding:0px;\">\n<!-- START REVOLUTION SLIDER 5.4.8.1 fullscreen mode -->\n\t<div id=\"rev_slider_1_1\" class=\"rev_slider fullscreenbanner\" style=\"display:none;\" data-version=\"5.4.8.1\">\n<ul>\t<!-- SLIDE  -->\n\t<li data-index=\"rs-7\" data-transition=\"fade\" data-slotamount=\"default\" data-hideafterloop=\"0\" data-hideslideonmobile=\"off\"  data-easein=\"default\" data-easeout=\"default\" data-masterspeed=\"300\"  data-thumb=\"https:\/\/pansion-ilko.com\/wp-content\/uploads\/2015\/11\/Slider-Pansion-ILKO-Medjugorje-2-100x50.jpg\"  data-rotate=\"0\"  data-saveperformance=\"off\"  data-title=\"Slide\" data-param1=\"\" data-param2=\"\" data-param3=\"\" data-param4=\"\" data-param5=\"\" data-param6=\"\" data-param7=\"\" data-param8=\"\" data-param9=\"\" data-param10=\"\" data-description=\"\">\n\t\t<!-- MAIN IMAGE -->\n\t\t<img loading=\"lazy\" decoding=\"async\" src=\"https:\/\/pansion-ilko.com\/wp-content\/uploads\/2015\/11\/Slider-Pansion-ILKO-Medjugorje-2.jpg\"  alt=\"\" title=\"Slider-Pansion-ILKO-Medjugorje (2)\"  width=\"1920\" height=\"1280\" data-bgposition=\"center top\" data-bgfit=\"cover\" data-bgrepeat=\"no-repeat\" data-bgparallax=\"1\" class=\"rev-slidebg\" data-no-retina>\n\t\t<!-- LAYERS -->\n\n\t\t<!-- LAYER NR. 1 -->\n\t\t<div class=\"tp-caption bouncing   tp-resizeme\" \n\t\t\t id=\"slide-7-layer-4\" \n\t\t\t data-x=\"center\" data-hoffset=\"\" \n\t\t\t data-y=\"bottom\" data-voffset=\"10\" \n\t\t\t\t\t\tdata-width=\"['none','none','none','none']\"\n\t\t\tdata-height=\"['none','none','none','none']\"\n \n\t\t\tdata-type=\"image\" \n\t\t\tdata-responsive_offset=\"on\" \n\n\t\t\tdata-frames='[{\"from\":\"opacity:0;\",\"speed\":600,\"to\":\"o:1;\",\"delay\":500,\"ease\":\"Power3.easeInOut\"},{\"delay\":\"wait\",\"speed\":300,\"to\":\"auto:auto;\",\"ease\":\"nothing\"}]'\n\t\t\tdata-textAlign=\"['left','left','left','left']\"\n\t\t\tdata-paddingtop=\"[0,0,0,0]\"\n\t\t\tdata-paddingright=\"[0,0,0,0]\"\n\t\t\tdata-paddingbottom=\"[0,0,0,0]\"\n\t\t\tdata-paddingleft=\"[0,0,0,0]\"\n\n\t\t\tstyle=\"z-index: 5; line-height: 22px;text-transform:left;\"><img loading=\"lazy\" decoding=\"async\" src=\"https:\/\/pansion-ilko.com\/wp-content\/uploads\/2015\/11\/mouse_icon.png\" alt=\"\" data-ww=\"16px\" data-hh=\"52px\" width=\"16\" height=\"52\" data-no-retina> <\/div>\n\t<\/li>\n\t<!-- SLIDE  -->\n\t<li data-index=\"rs-13\" data-transition=\"fade\" data-slotamount=\"default\" data-hideafterloop=\"0\" data-hideslideonmobile=\"off\"  data-easein=\"default\" data-easeout=\"default\" data-masterspeed=\"300\"  data-thumb=\"https:\/\/pansion-ilko.com\/wp-content\/uploads\/2015\/11\/Slider-Pansion-ILKO-Medjugorje-6-100x50.jpg\"  data-rotate=\"0\"  data-saveperformance=\"off\"  data-title=\"Slide\" data-param1=\"\" data-param2=\"\" data-param3=\"\" data-param4=\"\" data-param5=\"\" data-param6=\"\" data-param7=\"\" data-param8=\"\" data-param9=\"\" data-param10=\"\" data-description=\"\">\n\t\t<!-- MAIN IMAGE -->\n\t\t<img loading=\"lazy\" decoding=\"async\" src=\"https:\/\/pansion-ilko.com\/wp-content\/uploads\/2015\/11\/Slider-Pansion-ILKO-Medjugorje-6.jpg\"  alt=\"\" title=\"Slider-Pansion-ILKO-Medjugorje (6)\"  width=\"1920\" height=\"1280\" data-bgposition=\"center top\" data-bgfit=\"cover\" data-bgrepeat=\"no-repeat\" data-bgparallax=\"1\" class=\"rev-slidebg\" data-no-retina>\n\t\t<!-- LAYERS -->\n\n\t\t<!-- LAYER NR. 2 -->\n\t\t<div class=\"tp-caption bouncing   tp-resizeme\" \n\t\t\t id=\"slide-13-layer-1\" \n\t\t\t data-x=\"center\" data-hoffset=\"\" \n\t\t\t data-y=\"bottom\" data-voffset=\"10\" \n\t\t\t\t\t\tdata-width=\"['none','none','none','none']\"\n\t\t\tdata-height=\"['none','none','none','none']\"\n \n\t\t\tdata-type=\"image\" \n\t\t\tdata-responsive_offset=\"on\" \n\n\t\t\tdata-frames='[{\"from\":\"opacity:0;\",\"speed\":300,\"to\":\"o:1;\",\"delay\":500,\"ease\":\"Power2.easeInOut\"},{\"delay\":\"wait\",\"speed\":300,\"to\":\"opacity:0;\",\"ease\":\"nothing\"}]'\n\t\t\tdata-textAlign=\"['left','left','left','left']\"\n\t\t\tdata-paddingtop=\"[0,0,0,0]\"\n\t\t\tdata-paddingright=\"[0,0,0,0]\"\n\t\t\tdata-paddingbottom=\"[0,0,0,0]\"\n\t\t\tdata-paddingleft=\"[0,0,0,0]\"\n\n\t\t\tstyle=\"z-index: 6; line-height: 22px;text-transform:left;\"><img loading=\"lazy\" decoding=\"async\" src=\"https:\/\/pansion-ilko.com\/wp-content\/uploads\/2015\/11\/mouse_icon.png\" alt=\"\" data-ww=\"16px\" data-hh=\"52px\" width=\"16\" height=\"52\" data-no-retina> <\/div>\n\t<\/li>\n\t<!-- SLIDE  -->\n\t<li data-index=\"rs-2\" data-transition=\"fade\" data-slotamount=\"default\" data-hideafterloop=\"0\" data-hideslideonmobile=\"off\"  data-easein=\"default\" data-easeout=\"default\" data-masterspeed=\"300\"  data-thumb=\"https:\/\/pansion-ilko.com\/wp-content\/uploads\/2015\/11\/Slider-Pansion-ILKO-Medjugorje-7-100x50.jpg\"  data-rotate=\"0\"  data-saveperformance=\"off\"  data-title=\"Slide\" data-param1=\"\" data-param2=\"\" data-param3=\"\" data-param4=\"\" data-param5=\"\" data-param6=\"\" data-param7=\"\" data-param8=\"\" data-param9=\"\" data-param10=\"\" data-description=\"\">\n\t\t<!-- MAIN IMAGE -->\n\t\t<img loading=\"lazy\" decoding=\"async\" src=\"https:\/\/pansion-ilko.com\/wp-content\/uploads\/2015\/11\/Slider-Pansion-ILKO-Medjugorje-7.jpg\"  alt=\"\" title=\"Slider-Pansion-ILKO-Medjugorje (7)\"  width=\"1920\" height=\"1280\" data-bgposition=\"center top\" data-bgfit=\"cover\" data-bgrepeat=\"no-repeat\" data-bgparallax=\"1\" class=\"rev-slidebg\" data-no-retina>\n\t\t<!-- LAYERS -->\n\n\t\t<!-- LAYER NR. 3 -->\n\t\t<div class=\"tp-caption bouncing   tp-resizeme\" \n\t\t\t id=\"slide-2-layer-1\" \n\t\t\t data-x=\"center\" data-hoffset=\"\" \n\t\t\t data-y=\"bottom\" data-voffset=\"10\" \n\t\t\t\t\t\tdata-width=\"['none','none','none','none']\"\n\t\t\tdata-height=\"['none','none','none','none']\"\n \n\t\t\tdata-type=\"image\" \n\t\t\tdata-responsive_offset=\"on\" \n\n\t\t\tdata-frames='[{\"from\":\"opacity:0;\",\"speed\":300,\"to\":\"o:1;\",\"delay\":500,\"ease\":\"Power2.easeInOut\"},{\"delay\":\"wait\",\"speed\":300,\"to\":\"opacity:0;\",\"ease\":\"nothing\"}]'\n\t\t\tdata-textAlign=\"['left','left','left','left']\"\n\t\t\tdata-paddingtop=\"[0,0,0,0]\"\n\t\t\tdata-paddingright=\"[0,0,0,0]\"\n\t\t\tdata-paddingbottom=\"[0,0,0,0]\"\n\t\t\tdata-paddingleft=\"[0,0,0,0]\"\n\n\t\t\tstyle=\"z-index: 7; line-height: 22px;text-transform:left;\"><img loading=\"lazy\" decoding=\"async\" src=\"https:\/\/pansion-ilko.com\/wp-content\/uploads\/2015\/11\/mouse_icon.png\" alt=\"\" data-ww=\"16px\" data-hh=\"52px\" width=\"16\" height=\"52\" data-no-retina> <\/div>\n\t<\/li>\n<\/ul>\n<script>var htmlDiv = document.getElementById(\"rs-plugin-settings-inline-css\"); var htmlDivCss=\"\";\r\n\t\t\t\t\t\tif(htmlDiv) {\r\n\t\t\t\t\t\t\thtmlDiv.innerHTML = htmlDiv.innerHTML + htmlDivCss;\r\n\t\t\t\t\t\t}else{\r\n\t\t\t\t\t\t\tvar htmlDiv = document.createElement(\"div\");\r\n\t\t\t\t\t\t\thtmlDiv.innerHTML = \"<style>\" + htmlDivCss + \"<\/style>\";\r\n\t\t\t\t\t\t\tdocument.getElementsByTagName(\"head\")[0].appendChild(htmlDiv.childNodes[0]);\r\n\t\t\t\t\t\t}\r\n\t\t\t\t\t<\/script>\n<div class=\"tp-bannertimer\" style=\"height: 5px; background: rgba(0,0,0,0.15);\"><\/div>\t<\/div>\n<script>var htmlDiv = document.getElementById(\"rs-plugin-settings-inline-css\"); var htmlDivCss=\"\";\r\n\t\t\t\tif(htmlDiv) {\r\n\t\t\t\t\thtmlDiv.innerHTML = htmlDiv.innerHTML + htmlDivCss;\r\n\t\t\t\t}else{\r\n\t\t\t\t\tvar htmlDiv = document.createElement(\"div\");\r\n\t\t\t\t\thtmlDiv.innerHTML = \"<style>\" + htmlDivCss + \"<\/style>\";\r\n\t\t\t\t\tdocument.getElementsByTagName(\"head\")[0].appendChild(htmlDiv.childNodes[0]);\r\n\t\t\t\t}\r\n\t\t\t<\/script>\n\t\t<script type=\"text\/javascript\">\r\nif (setREVStartSize!==undefined) setREVStartSize(\r\n\t{c: '#rev_slider_1_1', gridwidth: [1200], gridheight: [800], sliderLayout: 'fullscreen', fullScreenAutoWidth:'off', fullScreenAlignForce:'off', fullScreenOffsetContainer:'', fullScreenOffset:''});\r\n\t\t\t\r\nvar revapi1,\r\n\ttpj;\t\r\n(function() {\t\t\t\r\n\tif (!\/loaded|interactive|complete\/.test(document.readyState)) document.addEventListener(\"DOMContentLoaded\",onLoad); else onLoad();\t\r\n\tfunction onLoad() {\t\t\t\t\r\n\t\tif (tpj===undefined) { tpj = jQuery; if(\"on\" == \"on\") tpj.noConflict();}\r\n\tif(tpj(\"#rev_slider_1_1\").revolution == undefined){\n\t\trevslider_showDoubleJqueryError(\"#rev_slider_1_1\");\n\t}else{\n\t\trevapi1 = tpj(\"#rev_slider_1_1\").show().revolution({\n\t\t\tsliderType:\"standard\",\n\t\t\tjsFileLocation:\"\/\/pansion-ilko.com\/wp-content\/plugins\/revslider\/public\/assets\/js\/\",\n\t\t\tsliderLayout:\"fullscreen\",\n\t\t\tdottedOverlay:\"none\",\n\t\t\tdelay:9000,\n\t\t\tnavigation: {\n\t\t\t\tkeyboardNavigation:\"off\",\n\t\t\t\tkeyboard_direction: \"horizontal\",\n\t\t\t\tmouseScrollNavigation:\"off\",\n \t\t\t\t\t\t\tmouseScrollReverse:\"default\",\n\t\t\t\tonHoverStop:\"on\",\n\t\t\t\ttouch:{\n\t\t\t\t\ttouchenabled:\"on\",\n\t\t\t\t\ttouchOnDesktop:\"off\",\n\t\t\t\t\tswipe_threshold: 0.7,\n\t\t\t\t\tswipe_min_touches: 1,\n\t\t\t\t\tswipe_direction: \"horizontal\",\n\t\t\t\t\tdrag_block_vertical: false\n\t\t\t\t}\n\t\t\t\t,\n\t\t\t\tarrows: {\n\t\t\t\t\tstyle:\"gyges\",\n\t\t\t\t\tenable:true,\n\t\t\t\t\thide_onmobile:false,\n\t\t\t\t\thide_onleave:true,\n\t\t\t\t\thide_delay:200,\n\t\t\t\t\thide_delay_mobile:1200,\n\t\t\t\t\ttmp:'',\n\t\t\t\t\tleft: {\n\t\t\t\t\t\th_align:\"left\",\n\t\t\t\t\t\tv_align:\"center\",\n\t\t\t\t\t\th_offset:20,\n\t\t\t\t\t\tv_offset:0\n\t\t\t\t\t},\n\t\t\t\t\tright: {\n\t\t\t\t\t\th_align:\"right\",\n\t\t\t\t\t\tv_align:\"center\",\n\t\t\t\t\t\th_offset:20,\n\t\t\t\t\t\tv_offset:0\n\t\t\t\t\t}\n\t\t\t\t}\n\t\t\t},\n\t\t\tvisibilityLevels:[1240,1024,778,480],\n\t\t\tgridwidth:1200,\n\t\t\tgridheight:800,\n\t\t\tlazyType:\"none\",\n\t\t\tparallax: {\n\t\t\t\ttype:\"scroll\",\n\t\t\t\torigo:\"enterpoint\",\n\t\t\t\tspeed:400,\n\t\t\t\tspeedbg:0,\n\t\t\t\tspeedls:0,\n\t\t\t\tlevels:[5,10,15,20,25,30,35,40,45,46,47,48,49,50,51,55],\n\t\t\t},\n\t\t\tshadow:0,\n\t\t\tspinner:\"spinner0\",\n\t\t\tstopLoop:\"off\",\n\t\t\tstopAfterLoops:-1,\n\t\t\tstopAtSlide:-1,\n\t\t\tshuffle:\"off\",\n\t\t\tautoHeight:\"off\",\n\t\t\tfullScreenAutoWidth:\"off\",\n\t\t\tfullScreenAlignForce:\"off\",\n\t\t\tfullScreenOffsetContainer: \"\",\n\t\t\tfullScreenOffset: \"\",\n\t\t\thideThumbsOnMobile:\"off\",\n\t\t\thideSliderAtLimit:0,\n\t\t\thideCaptionAtLimit:0,\n\t\t\thideAllCaptionAtLilmit:0,\n\t\t\tdebugMode:false,\n\t\t\tfallbacks: {\n\t\t\t\tsimplifyAll:\"off\",\n\t\t\t\tnextSlideOnWindowFocus:\"off\",\n\t\t\t\tdisableFocusListener:false,\n\t\t\t}\n\t\t});\njQuery(window).on('scroll',function() {\n    var wh = jQuery(this).height();\n  \tjQuery('.tp-parallax-container').each(function() {\n        var layer = jQuery(this);\n    \tvar po = Math.abs(layer.data('parallaxoffset'));  \n        po = po - 20;\n        if (po<0) po = 0;\n        po = 1 - (po \/ 100);  \n        \/\/ Set the value -> po \/ 90)  higher to make a slower Fade Out, \n        \/\/and set it lower to make a quicker fade out.       \n        punchgs.TweenLite.to(layer,0.2,{opacity:po});\n  });\n});\t}; \/* END OF revapi call *\/\n\t\n }; \/* END OF ON LOAD FUNCTION *\/\r\n}()); \/* END OF WRAPPING FUNCTION *\/\r\n<\/script>\r\n\t\t<script>\r\n\t\t\t\t\tvar htmlDivCss = unescape(\".tp-bannertimer%20%7B%0A%09background%3A%20rgba%280%2C0%2C0%2C0.3%29%3B%0A%7D%0A.tparrows.preview4%2C.tparrows.preview4%3Aafter%20%7B%0A%09width%3A%2060px%3B%0A%7D%0A.tp-leftarrow.preview4%3Aafter%7B%20%0A%20%20%20%20border-radius%3A%200%204px%204px%200%3B%0A%7D%0A.tp-rightarrow.preview4%3Aafter%7B%20%0A%20%20%20%20border-radius%3A%204px%200%200%204px%3B%0A%7D%0A.tparrows.preview4%20.tp-arr-allwrapper%20%7B%0A%09left%3A%20-120px%3B%0A%7D%0A.tp-leftarrow.preview4%20.tp-arr-allwrapper%20%7B%0A%09left%3A%200px%3B\");\r\n\t\t\t\t\tvar htmlDiv = document.getElementById('rs-plugin-settings-inline-css');\r\n\t\t\t\t\tif(htmlDiv) {\r\n\t\t\t\t\t\thtmlDiv.innerHTML = htmlDiv.innerHTML + htmlDivCss;\r\n\t\t\t\t\t}\r\n\t\t\t\t\telse{\r\n\t\t\t\t\t\tvar htmlDiv = document.createElement('div');\r\n\t\t\t\t\t\thtmlDiv.innerHTML = '<style>' + htmlDivCss + '<\/style>';\r\n\t\t\t\t\t\tdocument.getElementsByTagName('head')[0].appendChild(htmlDiv.childNodes[0]);\r\n\t\t\t\t\t}\r\n\t\t\t\t  <\/script><\/div><!-- END REVOLUTION SLIDER --><\/div><h1 class=\"boc_heading  al_left  \"  style=\"margin-bottom: 20px;margin-top: 0px;color: #333;\"><span>To smo mi \u2013 hotelski <strong>pansion \u201eILKO\u201c<\/strong> Medjugorje<\/span><\/h1><h2 class=\"boc_heading  al_left  \"  style=\"margin-bottom: 20px;margin-top: 0px;color: #333333;font-size: 22px;\"><span>Va\u0161 dom tijekom hodo\u010da\u0161\u0107a u <strong>Me\u0111ugorje<\/strong> \u2013 za grupna putovanja ili pojedina\u010dni posjet<\/span><\/h2>\n\t<div class=\"wpb_text_column wpb_content_element \">\n\t\t<div class=\"wpb_wrapper\">\n\t\t\t<p>Voditelj ste putovanja ili turisti\u010dki operater koji planira grupno hodo\u010da\u0161\u0107e u najpoznatije mjesto Gospinih ukazanja u Bosni i Hercegovini? Potreban vam je smje\u0161taj za skupinu do 65 osoba? Kao pojedinac, bra\u010dni par ili obitelj tra\u017eite ugodno mjesto boravka s odli\u010dnim popratnim uslugama za va\u0161 hodo\u010dasni\u010dki boravak? Dolazite po prvi put u Me\u0111ugorje ili ste ve\u0107 bili nekoliko puta?<br \/>\nU svakom slu\u010daju va\u0161 \u0107e boravak u Me\u0111ugorju biti jo\u0161 upe\u010datljiviji uz adekvatan smje\u0161taj u atmosferi koja vam pru\u017ea mir i udobnost vlastitog doma.<\/p>\n<p>Me\u0111ugorje \u2013 \u201emjestu me\u0111u gorama\u201c \u2013 pru\u017ea vam srda\u010dnu dobrodo\u0161licu i nudi razli\u010dite mogu\u0107nosti oboga\u0107ivanja va\u0161eg boravka duhovnim programima i kulinarskim specijalitetima. Vi\u0161e od 30 godina Me\u0111ugorje je duhovno sredi\u0161te i uz Lourdes i Fatimu vjerojatno najpoznatije i najpopularnije hodo\u010dasni\u010dko sveti\u0161te u katoli\u010dkom svijetu. Svojom ugodnom mediteranskom klimom Me\u0111ugorje posjetiteljima iz cijelog svijeta pru\u017ea ugodno uto\u010di\u0161te.<\/p>\n<p>Brojka od oko milijun gostiju godi\u0161nje svjedo\u010di o iznimnoj atraktivnosti i popularnosti Me\u0111ugorja i njegovih hodo\u010dasni\u010dkih odredi\u0161ta. Tijekom tradicionalnog festivala mladih u Me\u0111ugorju vlada posebna gu\u017eva. U tom razdoblju savjetujemo vam \u0161to raniju rezervaciju, ba\u0161 kao i tijekom glavne sezone dolazaka koja traje od o\u017eujka do studenog. Me\u0111utim, i izvan sezone Me\u0111ugorje je vrijedno putovanja. Na\u0161im gostima je posebno va\u017eno odmoriti se, pobje\u0107i od svakodnevnice i razgovarati s istomi\u0161ljenicima i ljudima koji dijele sli\u010dne osje\u0107aje, sudjelovati u duhovnim programima i ekskurzijama do najpoznatijih hodo\u010dasni\u010dkih mjesta, crkve sv. Jakova, brda Kri\u017eanec i brda Ukazanja. Svojim iskustvom stojimo vam na raspolaganju za sve va\u0161e upite.<\/p>\n<blockquote><p>\nNajva\u017enije nam je da se va\u0161 boravak u mjestu molitve i pomirenja u Me\u0111ugorju, ba\u0161 kao i u na\u0161em hotelskom pansionu &#8220;ILKO&#8221; pretvori u istinski do\u017eivljaj vrijedan pam\u0107enja.<\/p>\n<p><strong>Va\u0161i doma\u0107ini, Pansion ILKO<\/strong>\n<\/p><\/blockquote>\n\n\t\t<\/div>\n\t<\/div>\n<\/div><\/div><\/div><div data-vc-full-width=\"true\" data-vc-full-width-init=\"false\" class=\"vc_row wpb_row vc_row-fluid white_text vc_custom_1447682177061\"><div class=\"wpb_column vc_column_container vc_col-sm-12 vc_custom_1447680815759\"><div class=\"wpb_wrapper\"><div class=\"text_box no_text_transform body_font box_no_bgr \"><div class=\"text_box_content with_button\"><h2>Po\u0161aljite nam upit putem kontaktnog obrasca ili nas nazovite...<\/h2>\n\t\t\t\t\t<p><\/p>\n\t\t\t\t<\/div><div class=\"btn_holder\"><a\thref=\"https:\/\/pansion-ilko.com\/hr\/kontakt-medjugorje-hr\/\" \n\t\t\t\t\tclass=\"button  btn_medium_stretched btn_white btn_circled btn_outline icon_pos_after \"  target='_self'><span>Kontakt<\/span> <i class='icon icon icon-angle-right2'><\/i> <\/a><\/div><\/div><\/div><\/div><\/div><div class=\"vc_row-full-width\"><\/div>\n","protected":false},"excerpt":{"rendered":"var htmlDiv = document.getElementById(\"rs-plugin-settings-inline-css\"); var htmlDivCss=\"\"; if(htmlDiv) { htmlDiv.innerHTML = htmlDiv.innerHTML + htmlDivCss; }else{ var htmlDiv = document.createElement(\"div\"); htmlDiv.innerHTML = \"\" + htmlDivCss + \"\"; document.getElementsByTagName(\"head\")[0].appendChild(htmlDiv.childNodes[0]); } var htmlDiv = document.getElementById(\"rs-plugin-settings-inline-css\"); var htmlDivCss=\"\"; if(htmlDiv) { htmlDiv.innerHTML = htmlDiv.innerHTML + htmlDivCss; }else{ var htmlDiv = document.createElement(\"div\"); htmlDiv.innerHTML = \"\" + htmlDivCss + \"\"; document.getElementsByTagName(\"head\")[0].appendChild(htmlDiv.childNodes[0]); } if (setREVStartSize!==undefined) setREVStartSize( {c: '#rev_slider_1_2', gridwidth:<div class=\"h10\"><\/div><a class=\"more-link2 flat\" href=\"https:\/\/pansion-ilko.com\/hr\/\">Read more<\/a>","protected":false},"author":1,"featured_media":0,"parent":0,"menu_order":0,"comment_status":"closed","ping_status":"closed","template":"","meta":{"footnotes":""},"class_list":["post-23984","page","type-page","status-publish","hentry"],"_links":{"self":[{"href":"https:\/\/pansion-ilko.com\/hr\/wp-json\/wp\/v2\/pages\/23984","targetHints":{"allow":["GET"]}}],"collection":[{"href":"https:\/\/pansion-ilko.com\/hr\/wp-json\/wp\/v2\/pages"}],"about":[{"href":"https:\/\/pansion-ilko.com\/hr\/wp-json\/wp\/v2\/types\/page"}],"author":[{"embeddable":true,"href":"https:\/\/pansion-ilko.com\/hr\/wp-json\/wp\/v2\/users\/1"}],"replies":[{"embeddable":true,"href":"https:\/\/pansion-ilko.com\/hr\/wp-json\/wp\/v2\/comments?post=23984"}],"version-history":[{"count":6,"href":"https:\/\/pansion-ilko.com\/hr\/wp-json\/wp\/v2\/pages\/23984\/revisions"}],"predecessor-version":[{"id":24791,"href":"https:\/\/pansion-ilko.com\/hr\/wp-json\/wp\/v2\/pages\/23984\/revisions\/24791"}],"wp:attachment":[{"href":"https:\/\/pansion-ilko.com\/hr\/wp-json\/wp\/v2\/media?parent=23984"}],"curies":[{"name":"wp","href":"https:\/\/api.w.org\/{rel}","templated":true}]}}