{"id":23980,"date":"2015-11-14T00:39:34","date_gmt":"2015-11-13T23:39:34","guid":{"rendered":"http:\/\/pansion-ilko.com\/hr\/?page_id=23980"},"modified":"2021-11-23T08:12:26","modified_gmt":"2021-11-23T07:12:26","slug":"hotel-medjugorje-pansion","status":"publish","type":"page","link":"https:\/\/pansion-ilko.com\/hr\/hotel-medjugorje-pansion\/","title":{"rendered":"O nama"},"content":{"rendered":"<div class=\"vc_row wpb_row vc_row-fluid vc_custom_1448374530000\"><div class=\"wpb_column vc_column_container vc_col-sm-12\"><div class=\"wpb_wrapper\"><h1 class=\"boc_heading no_text_transform center  \"  style=\"margin-bottom: 20px;margin-top: 0px;color: #ffffff;\"><span>hotel | Pansion | sobe<\/span><\/h1><div class=\"boc_divider_holder\"><div class=\"boc_divider  \"  style=\"margin-top: 20px;margin-bottom: 20px;width: 60%;margin-left: auto; margin-right: auto;height: 1px;background: #ffffff;\"><\/div><\/div><h1 class=\"boc_heading no_text_transform center  \"  style=\"margin-bottom: 20px;margin-top: 0px;color: #ffffff;font-size: 24px;\"><span>Do\u0111ite u pansion &#8220;ILKO&#8221; u Me\u0111ugorju i osje\u0107ajte se kao kod ku\u0107e<\/span><\/h1><\/div><\/div><\/div><div class=\"upb_grad\" data-grad=\"background: -webkit-gradient(linear, left top, left bottom, color-stop(0%, #E3E3E3), color-stop(0%, #73B84D), color-stop(100%, #196B10));background: -moz-linear-gradient(145deg,#E3E3E3 0%,#73B84D 0%,#196B10 100%);background: -webkit-linear-gradient(145deg,#E3E3E3 0%,#73B84D 0%,#196B10 100%);background: -o-linear-gradient(145deg,#E3E3E3 0%,#73B84D 0%,#196B10 100%);background: -ms-linear-gradient(145deg,#E3E3E3 0%,#73B84D 0%,#196B10 100%);background: linear-gradient(145deg,#E3E3E3 0%,#73B84D 0%,#196B10 100%);\" data-bg-override=\"full\" data-upb-overlay-color=\"\" data-upb-bg-animation=\"\" data-fadeout=\"\" data-fadeout-percentage=\"30\" data-parallax-content=\"off\" data-parallax-content-sense=\"30\" data-row-effect-mobile-disable=\"true\" data-img-parallax-mobile-disable=\"true\" data-rtl=\"false\"  data-custom-vc-row=\"\"  data-vc=\"4.8.0.1\"  data-is_old_vc=\"\"  data-theme-support=\"\"   data-overlay=\"false\" data-overlay-color=\"\" data-overlay-pattern=\"\" data-overlay-pattern-opacity=\"\" data-overlay-pattern-size=\"\"    ><\/div><div class=\"vc_row wpb_row vc_row-fluid\"><div class=\"wpb_column vc_column_container vc_col-sm-12\"><div class=\"wpb_wrapper\"><h2 class=\"boc_heading  al_left  \"  style=\"margin-bottom: 20px;margin-top: 0px;color: #333;\"><span>\u017delimo se ukratko obratiti i vama, po\u0161tovani gosti, hodo\u010dasnici i ostali posjetitelji!<\/span><\/h2>\n\t<div class=\"wpb_text_column wpb_content_element \">\n\t\t<div class=\"wpb_wrapper\">\n\t\t\t<p>Kada se smjestite u svojim sobama vrlo brzo \u0107ete osjetiti da je u pansionu anga\u017eirana cijela obitelj kako bi se va\u0161 boravak u\u010dinio \u0161to udobnijim.<\/p>\n<p><strong>\u0160to vas o\u010dekuje u pansionu &#8220;ILKO&#8221;?<\/strong><\/p>\n<p>Pansion vam nudi 29 modernih i prostranih soba za ukupno do 65 gostiju. Za djecu do 3 godine na raspolaganju su i dje\u010dji kreveti\u0107i. Sve sobe imaju modernu i urednu kupaonicu s tu\u0161 kabinom. U svje\u017eem me\u0111ugorskom zraku mo\u017eete u\u017eivati na balkonu ili terasi. U svijetlim i pristupa\u010dnim prostorijama na\u0161eg restorana nudimo vam doru\u010dak, ru\u010dak i ve\u010deru.<\/p>\n<p>Najve\u0107i prioritet stavljamo na svje\u017ee sezonske namirnice. Sva se jela pripremaju u na\u0161oj kuhinji, gdje nema mjesta zale\u0111enoj i gotovo pripremljenoj hrani. Pored regionalnih specijaliteta po \u017eelji na\u0161ih gostiju nudimo i jela iz zemalja njihova podrijetla i prilago\u0111avamo se preferencijama kao \u0161to su vegetarijanska hrana, posebne potrebe ili \u017eelja da se posti petkom. Uz jelo koje nudimo u pansionu uklju\u010dena je i ponuda vina i vode.<\/p>\n<p>Ve\u0107ina posjetitelja Me\u0111ugorja nakon programa razgledavanja sveti\u0161ta i duhovnog programa uglavnom cijeni mir i udobnu atmosferu u na\u0161em pansionu. Pansionsko predvorje mjesto je sastanka na\u0161ih gostiju, odakle se kre\u0107e i na ve\u0107inu ekskurzija. Na\u0161e osoblje vrlo rado vam stoji na raspolaganju za planiranje ekskurzija i izleta te \u0107e vam dati savjet i u vezi svih drugih upita. Neki su gosti na\u0161 pansion &#8220;ILKO&#8221; nazvali i &#8220;hotelskim pansionom sa srcem&#8221;. To nas, naravno, \u010dini ponosnima i dodatno poti\u010de da posti\u017eemo jo\u0161 kvalitetnije rezultate.<\/p>\n<blockquote><p>\n<strong>Kada mo\u017eemo pozdraviti Vas u Me\u0111ugorju?<\/strong>\n<\/p><\/blockquote>\n\n\t\t<\/div>\n\t<\/div>\n<\/div><\/div><\/div><div data-vc-full-width=\"true\" data-vc-full-width-init=\"false\" class=\"vc_row wpb_row vc_row-fluid white_text vc_custom_1447682186416\"><div class=\"wpb_column vc_column_container vc_col-sm-12\"><div class=\"wpb_wrapper\"><div class=\"text_box  box_no_bgr \"><div class=\"text_box_content with_button\"><h2><\/h2>\n\t\t\t\t\t<p>Slobodno nas kontaktirajte u vezi sa svim daljnjim upitima&#8230;<\/p>\n\t\t\t\t<\/div><div class=\"btn_holder\"><a\thref=\"https:\/\/pansion-ilko.com\/hr\/kontakt-medjugorje-hr\/\" \n\t\t\t\t\tclass=\"button  btn_small_stretched btn_white btn_circled btn_outline icon_pos_after \"  target='_self'><span>Kontakt<\/span> <i class='icon icon icon-angle-right2'><\/i> <\/a><\/div><\/div><\/div><\/div><\/div><div class=\"vc_row-full-width\"><\/div><div data-vc-full-width=\"true\" data-vc-full-width-init=\"false\" data-vc-stretch-content=\"true\" class=\"vc_row wpb_row vc_row-fluid vc_custom_1447624399121 vc_row-no-padding\"><div class=\"wpb_column vc_column_container vc_col-sm-4 vc_custom_1447539987445\"><div class=\"wpb_wrapper\"><h2 class=\"boc_heading  center  \"  style=\"margin-bottom: 20px;margin-top: 0px;color: #ffffff;\"><span>Wi-Fi besplatno<\/span><\/h2><div class=\"boc_icon_holder boc_icon_size_large boc_icon_pos_center  \" style=\"\"><span class=\"boc_icon icon icon-wifi\" style=\"color:#ffffff;\"><\/span><\/div><div class=\"boc_divider_holder\"><div class=\"boc_divider  \"  style=\"margin-top: 20px;margin-bottom: 20px;width: 100px;margin-left: auto; margin-right: auto;height: 2px;background: #ffffff;\"><\/div><\/div>\n\t<div class=\"wpb_text_column wpb_content_element  white_text\">\n\t\t<div class=\"wpb_wrapper\">\n\t\t\t<p style=\"text-align: center;\">Koristite internet u cijeloj kuci!<\/p>\n\n\t\t<\/div>\n\t<\/div>\n<\/div><\/div><div class=\"wpb_column vc_column_container vc_col-sm-4 vc_custom_1447541524006\"><div class=\"wpb_wrapper\"><h2 class=\"boc_heading  center  \"  style=\"margin-bottom: 20px;margin-top: 0px;color: #ffffff;\"><span>parking besplatno<\/span><\/h2><div class=\"boc_icon_holder boc_icon_size_large boc_icon_pos_center  \" style=\"\"><span class=\"boc_icon icon icon-automobile\" style=\"color:#fcfcfc;\"><\/span><\/div><div class=\"boc_divider_holder\"><div class=\"boc_divider  \"  style=\"margin-top: 20px;margin-bottom: 20px;width: 100px;margin-left: auto; margin-right: auto;height: 2px;background: #ffffff;\"><\/div><\/div>\n\t<div class=\"wpb_text_column wpb_content_element  white_text\">\n\t\t<div class=\"wpb_wrapper\">\n\t\t\t<p style=\"text-align: center;\">besplatni parking (autobus ili auto)<\/p>\n\n\t\t<\/div>\n\t<\/div>\n<\/div><\/div><div class=\"wpb_column vc_column_container vc_col-sm-4 vc_custom_1447539999688\"><div class=\"wpb_wrapper\"><h2 class=\"boc_heading  center  \"  style=\"margin-bottom: 20px;margin-top: 0px;color: #ffffff;\"><span>Odlicna hrana<\/span><\/h2><div class=\"boc_icon_holder boc_icon_size_large boc_icon_pos_center  \" style=\"\"><span class=\"boc_icon icon icon-food\" style=\"color:#ffffff;\"><\/span><\/div><div class=\"boc_divider_holder\"><div class=\"boc_divider  \"  style=\"margin-top: 20px;margin-bottom: 20px;width: 100px;margin-left: auto; margin-right: auto;height: 2px;background: #ffffff;\"><\/div><\/div>\n\t<div class=\"wpb_text_column wpb_content_element  white_text\">\n\t\t<div class=\"wpb_wrapper\">\n\t\t\t<p style=\"text-align: center;\">Uvijek svije\u017ea hrana\u00a0i doma\u0107e vino<\/p>\n\n\t\t<\/div>\n\t<\/div>\n<\/div><\/div><\/div><div class=\"vc_row-full-width\"><\/div>\n","protected":false},"excerpt":{"rendered":"hotel | Pansion | sobeDo\u0111ite u pansion \"ILKO\" u Me\u0111ugorju i osje\u0107ajte se kao kod ku\u0107e\u017delimo se ukratko obratiti i vama, po\u0161tovani gosti, hodo\u010dasnici i ostali posjetitelji! Kada se smjestite u svojim sobama vrlo brzo \u0107ete osjetiti da je u pansionu anga\u017eirana cijela obitelj kako bi se va\u0161 boravak u\u010dinio \u0161to udobnijim. \u0160to vas o\u010dekuje u pansionu \"ILKO\"? Pansion vam<div class=\"h10\"><\/div><a class=\"more-link2 flat\" href=\"https:\/\/pansion-ilko.com\/hr\/hotel-medjugorje-pansion\/\">Read more<\/a>","protected":false},"author":1,"featured_media":0,"parent":0,"menu_order":0,"comment_status":"closed","ping_status":"closed","template":"","meta":{"footnotes":""},"class_list":["post-23980","page","type-page","status-publish","hentry"],"_links":{"self":[{"href":"https:\/\/pansion-ilko.com\/hr\/wp-json\/wp\/v2\/pages\/23980","targetHints":{"allow":["GET"]}}],"collection":[{"href":"https:\/\/pansion-ilko.com\/hr\/wp-json\/wp\/v2\/pages"}],"about":[{"href":"https:\/\/pansion-ilko.com\/hr\/wp-json\/wp\/v2\/types\/page"}],"author":[{"embeddable":true,"href":"https:\/\/pansion-ilko.com\/hr\/wp-json\/wp\/v2\/users\/1"}],"replies":[{"embeddable":true,"href":"https:\/\/pansion-ilko.com\/hr\/wp-json\/wp\/v2\/comments?post=23980"}],"version-history":[{"count":8,"href":"https:\/\/pansion-ilko.com\/hr\/wp-json\/wp\/v2\/pages\/23980\/revisions"}],"predecessor-version":[{"id":24796,"href":"https:\/\/pansion-ilko.com\/hr\/wp-json\/wp\/v2\/pages\/23980\/revisions\/24796"}],"wp:attachment":[{"href":"https:\/\/pansion-ilko.com\/hr\/wp-json\/wp\/v2\/media?parent=23980"}],"curies":[{"name":"wp","href":"https:\/\/api.w.org\/{rel}","templated":true}]}}